{"id":119,"date":"2024-06-03T22:16:09","date_gmt":"2024-06-03T20:16:09","guid":{"rendered":"https:\/\/enstagram-portfolio.data-ensta.fr\/wordpress\/?page_id=119"},"modified":"2025-09-09T18:27:54","modified_gmt":"2025-09-09T16:27:54","slug":"enstagram","status":"publish","type":"page","link":"https:\/\/enstagram.data-ensta.fr\/","title":{"rendered":"ENSTAGRAM"},"content":{"rendered":"\t\t<div data-elementor-type=\"wp-page\" data-elementor-id=\"119\" class=\"elementor elementor-119\">\n\t\t\t\t<div class=\"elementor-element elementor-element-5fc328e3 e-flex e-con-boxed e-con e-parent\" data-id=\"5fc328e3\" data-element_type=\"container\" data-e-type=\"container\">\n\t\t\t\t\t<div class=\"e-con-inner\">\n\t\t\t\t<div class=\"elementor-element elementor-element-646f7cf7 elementor-widget elementor-widget-text-editor\" data-id=\"646f7cf7\" data-element_type=\"widget\" data-e-type=\"widget\" data-widget_type=\"text-editor.default\">\n\t\t\t\t<div class=\"elementor-widget-container\">\n\t\t\t\t\t\t\t\t\t\n<p>L&rsquo;association de photographie de l&rsquo;ENSTA Paris. On est une petite \u00e9quipe comp\u00e9tente et motiv\u00e9e.<\/p>\n\n<p>Nous vous proposons toutes sortes de prestations: couverture de soir\u00e9e, \u00e9v\u00e8nement sportif ou artistique mais aussi photo en studio. Nous avons la chance de pouvoir installer un studio et de laisser libre cours \u00e0 votre cr\u00e9ativit\u00e9, tout est possible: photo de profil\/CV pro, shooting pour soi ou entre amis.<\/p>\n\n<p>Acc\u00e8s aux photos: <a href=\"https:\/\/enstagram-drive.data-ensta.fr\/\" data-type=\"link\" data-id=\"https:\/\/enstagram-drive.data-ensta.fr\/\">Enstagram-Drive<\/a><\/p>\n\n<figure class=\"wp-block-gallery has-nested-images columns-default is-cropped wp-block-gallery-6 is-layout-flex wp-block-gallery-is-layout-flex\">\n<figure class=\"wp-block-image size-large\"><img fetchpriority=\"high\" decoding=\"async\" width=\"1870\" height=\"1080\" data-id=\"76\" class=\"wp-image-76 aligncenter\" src=\"http:\/\/enstagram.data-ensta.fr\/wp-content\/uploads\/2024\/06\/DSC_3693-1.jpg\" alt=\"\" \/><\/figure>\n<\/figure>\n\n<figure class=\"wp-block-gallery has-nested-images columns-default is-cropped wp-block-gallery-7 is-layout-flex wp-block-gallery-is-layout-flex\">\n<figure class=\"wp-block-image size-large\"><img decoding=\"async\" width=\"1500\" height=\"1125\" data-id=\"192\" class=\"wp-image-192\" src=\"http:\/\/enstagram.data-ensta.fr\/wp-content\/uploads\/2024\/06\/IMG_7931.jpg\" alt=\"\" \/><\/figure>\n<\/figure>\n\n<figure class=\"wp-block-gallery has-nested-images columns-default is-cropped wp-block-gallery-8 is-layout-flex wp-block-gallery-is-layout-flex\">\n<figure class=\"wp-block-image size-large\"><img decoding=\"async\" width=\"1620\" height=\"1080\" data-id=\"57\" class=\"wp-image-57\" src=\"http:\/\/enstagram.data-ensta.fr\/wp-content\/uploads\/2024\/06\/DSCF9852-1.jpg\" alt=\"\" \/><\/figure>\n<\/figure>\n\n<figure class=\"wp-block-gallery has-nested-images columns-default is-cropped wp-block-gallery-9 is-layout-flex wp-block-gallery-is-layout-flex\">\n<figure class=\"wp-block-image size-large\"><img loading=\"lazy\" decoding=\"async\" width=\"1620\" height=\"1080\" data-id=\"61\" class=\"wp-image-61\" src=\"http:\/\/enstagram.data-ensta.fr\/wp-content\/uploads\/2024\/06\/DSCF9088-3240x2160-2.jpg\" alt=\"\" \/><\/figure>\n<\/figure>\n\n<figure class=\"wp-block-gallery has-nested-images columns-default is-cropped wp-block-gallery-10 is-layout-flex wp-block-gallery-is-layout-flex\">\n<figure class=\"wp-block-image size-large\"><img loading=\"lazy\" decoding=\"async\" width=\"1620\" height=\"1080\" data-id=\"34\" class=\"wp-image-34\" src=\"http:\/\/enstagram.data-ensta.fr\/wp-content\/uploads\/2024\/06\/DSCF1811.jpg\" alt=\"\" \/><\/figure>\n<\/figure>\n\t\t\t\t\t\t\t\t<\/div>\n\t\t\t\t<\/div>\n\t\t\t\t\t<\/div>\n\t\t\t\t<\/div>\n\t\t\t\t<\/div>\n\t\t","protected":false},"excerpt":{"rendered":"<p>L&rsquo;association de photographie de l&rsquo;ENSTA Paris. On est une petite \u00e9quipe comp\u00e9tente et motiv\u00e9e. Nous vous proposons toutes sortes de prestations: couverture de soir\u00e9e, \u00e9v\u00e8nement sportif ou artistique mais aussi photo en studio. Nous avons la chance de pouvoir installer un studio et de laisser libre cours \u00e0 votre cr\u00e9ativit\u00e9, tout est possible: photo de [&hellip;]<\/p>\n","protected":false},"author":2,"featured_media":0,"parent":0,"menu_order":0,"comment_status":"closed","ping_status":"closed","template":"","meta":{"footnotes":""},"class_list":["post-119","page","type-page","status-publish","hentry"],"_links":{"self":[{"href":"https:\/\/enstagram.data-ensta.fr\/index.php?rest_route=\/wp\/v2\/pages\/119","targetHints":{"allow":["GET"]}}],"collection":[{"href":"https:\/\/enstagram.data-ensta.fr\/index.php?rest_route=\/wp\/v2\/pages"}],"about":[{"href":"https:\/\/enstagram.data-ensta.fr\/index.php?rest_route=\/wp\/v2\/types\/page"}],"author":[{"embeddable":true,"href":"https:\/\/enstagram.data-ensta.fr\/index.php?rest_route=\/wp\/v2\/users\/2"}],"replies":[{"embeddable":true,"href":"https:\/\/enstagram.data-ensta.fr\/index.php?rest_route=%2Fwp%2Fv2%2Fcomments&post=119"}],"version-history":[{"count":15,"href":"https:\/\/enstagram.data-ensta.fr\/index.php?rest_route=\/wp\/v2\/pages\/119\/revisions"}],"predecessor-version":[{"id":269,"href":"https:\/\/enstagram.data-ensta.fr\/index.php?rest_route=\/wp\/v2\/pages\/119\/revisions\/269"}],"wp:attachment":[{"href":"https:\/\/enstagram.data-ensta.fr\/index.php?rest_route=%2Fwp%2Fv2%2Fmedia&parent=119"}],"curies":[{"name":"wp","href":"https:\/\/api.w.org\/{rel}","templated":true}]}}